{"id":1237,"date":"2022-09-20T19:54:19","date_gmt":"2022-09-20T17:54:19","guid":{"rendered":"https:\/\/www.gruppoceis.it\/lanostrastoria\/?page_id=1237"},"modified":"2022-12-12T17:09:34","modified_gmt":"2022-12-12T16:09:34","slug":"credits","status":"publish","type":"page","link":"https:\/\/www.gruppoceis.it\/lanostrastoria\/credits\/","title":{"rendered":"Dal &#8220;dovere della testimonianza&#8221; <\/br>\u00e8 nato questo bellissimo progetto"},"content":{"rendered":"<p><strong>di Roberto Berselli*<\/strong><\/p>\n<span class=\"mks_dropcap_letter\" style=\"font-size: 80px; color: #266d40; \">R<\/span>accontare <strong>40 anni di storia del CEIS<\/strong> non \u00e8 stata un\u2019impresa facile. Restare lontani dalla retorica autocelebrativa, ma al tempo stesso dare il giusto riconoscimento ad un impegno che indubbiamente ha pochi eguali in Emilia-Romagna ed in Italia.<\/p>\n<p>Ricordare da dove siamo partiti, ma al tempo stesso non indugiare nell\u2019<em>amarcord <\/em>per mostrare invece cosa oggi realizziamo.<\/p>\n<p>I nuovi servizi, le trasformazioni, gli sviluppi metodologici e le sfide che ci attendono in una societ\u00e0 che cambia rapidamente e noi con lei.<\/p>\n<p>Far parlare le \u201copere\u201d, ma soprattutto le \u201cprotagoniste e i protagonisti\u201d: ragazze e ragazzi, donne e uomini che accogliamo, volontarie e volontari, operatrici e operatori. Dare il giusto tributo ad una persona per sua natura schiva come padre Giuliano.<\/p>\n<p><strong>Raccontare di Modena,<\/strong> dove tutto ha avuto inizio nel 1982, ma senza dimenticare <strong>Bologna<\/strong> con il Centro Il Pettirosso (1985) e <strong>Parma<\/strong> con il Centro di Solidariet\u00e0 L\u2019Orizzonte (1986), la loro storia e il loro contributo a quello che oggi \u00e8 il CEIS, cos\u00ec come noi lo conosciamo e apprezziamo. Dando il giusto spazio alle diverse tipologie di servizi che realizziamo e ai tantissimi luoghi che amiamo e animiamo.<\/p>\n<p>In questo anno di lavoro abbiamo i<strong>ntervistato pi\u00f9 di 60 persone, realizzato quasi 150 ore di riprese e confezionato una trentina di video<\/strong> che cercano di raccontarci. Non per celebrarci, ma per dovere di testimonianza. Testimonianza di un impegno concreto con e per le donne e gli uomini in difficolt\u00e0, nella convinzione che anche il \u201craccontare\u201d un impegno svolga un ruolo fondamentale affinch\u00e9 <em>\u201cnon sia dato per carit\u00e0 quello che \u00e8 dovuto per giustizia\u201d.<\/em><\/p>\n<p>Non \u00e8 stato facile e mi rendo conto che non abbiamo raccontato tutto, non abbiamo mostrato tutto e tante e tanti altri avrebbero avuto \u201cdiritto\u201d di dire qualcosa per quanto hanno fatto e dato a questa organizzazione. Con tutti mi scuso confidando nella comprensione dei pi\u00f9.<\/p>\n<p>Anche la pandemia non ci ha aiutato, obbligandoci a molti cambi di programma e riorganizzazione di agende: ringrazio davvero tutte e tutti coloro che si sono resi disponibili per le interviste, che ci hanno fatto entrare nelle strutture, che hanno dato suggerimenti, consigli, supporto.<\/p>\n<p>Questo progetto si \u00e8 per\u00f2 realizzato soprattutto grazie alla professionalit\u00e0 e alla disponibilit\u00e0 dello <strong>staff tecnico<\/strong> che mi ha supportato e che la presidenza ha messo a mia disposizione. Con piacere ringrazio Alessandro Levratti che ha curato la parte video, Alessandro Alvisi e la societ\u00e0 Ex-Press Comunicazione per i testi, Francesco Galli per la realizzazione grafica di questo sito.<\/p>\n<p>Infine, un ringraziamento particolare a padre Giuliano e al Consiglio che mi hanno dato fiducia e l\u2019opportunit\u00e0 di seguire questo bellissimo progetto.<\/p>\n<p>Forse non \u00e8 la fotografia esatta di quello che \u00e8 il CEIS &#8211; nell\u2019arco di un anno siamo gi\u00e0 cambiati &#8211; ma dobbiamo accettarlo; il \u201ccambiamento\u201d fa parte di noi e di come interpretiamo il nostro ruolo di operatori sociali. I princ\u00ecpi, i valori, il senso della nostra storia e degli orizzonti a cui volgiamo lo sguardo quelli \u2013 credo \u2013 ci sono tutti.<\/p>\n<p><strong>*Vice Presidente Consorzio Gruppo CEIS<\/strong><\/p>\n<p>&nbsp;<\/p>\n<hr \/>\n<h2>Le video testimonianze dietro le quinte<\/h2>\n<p><iframe loading=\"lazy\" title=\"Le testimonianze dietro le quinte - 40\u00b0CEIS\" width=\"1104\" height=\"621\" src=\"https:\/\/www.youtube.com\/embed\/uACquQS98nw?feature=oembed\" frameborder=\"0\" allow=\"accelerometer; autoplay; clipboard-write; encrypted-media; gyroscope; picture-in-picture\" allowfullscreen><\/iframe><\/p>\n<hr \/>\n","protected":false},"excerpt":{"rendered":"<p>di Roberto Berselli* accontare 40 anni di storia del CEIS non \u00e8 stata un\u2019impresa facile. Restare lontani dalla retorica autocelebrativa, ma al tempo stesso dare il giusto riconoscimento ad un impegno che indubbiamente ha pochi eguali in Emilia-Romagna ed in Italia. Ricordare da dove siamo partiti, ma al tempo stesso non indugiare nell\u2019amarcord per mostrare [&hellip;]<\/p>\n","protected":false},"author":1,"featured_media":2879,"parent":0,"menu_order":6,"comment_status":"closed","ping_status":"closed","template":"","meta":{"footnotes":"","_links_to":"","_links_to_target":""},"class_list":["post-1237","page","type-page","status-publish","has-post-thumbnail","hentry"],"yoast_head":"<!-- This site is optimized with the Yoast SEO plugin v26.0 - https:\/\/yoast.com\/wordpress\/plugins\/seo\/ -->\n<title>Dal &quot;dovere della testimonianza&quot; \u00e8 nato questo bellissimo progetto - CEIS 40<\/title>\n<meta name=\"robots\" content=\"index, follow, max-snippet:-1, max-image-preview:large, max-video-preview:-1\" \/>\n<link rel=\"canonical\" href=\"https:\/\/www.gruppoceis.it\/lanostrastoria\/credits\/\" \/>\n<meta property=\"og:locale\" content=\"it_IT\" \/>\n<meta property=\"og:type\" content=\"article\" \/>\n<meta property=\"og:title\" content=\"Dal &quot;dovere della testimonianza&quot; \u00e8 nato questo bellissimo progetto - CEIS 40\" \/>\n<meta property=\"og:description\" content=\"di Roberto Berselli* accontare 40 anni di storia del CEIS non \u00e8 stata un\u2019impresa facile. Restare lontani dalla retorica autocelebrativa, ma al tempo stesso dare il giusto riconoscimento ad un impegno che indubbiamente ha pochi eguali in Emilia-Romagna ed in Italia. Ricordare da dove siamo partiti, ma al tempo stesso non indugiare nell\u2019amarcord per mostrare [&hellip;]\" \/>\n<meta property=\"og:url\" content=\"https:\/\/www.gruppoceis.it\/lanostrastoria\/credits\/\" \/>\n<meta property=\"og:site_name\" content=\"CEIS 40\" \/>\n<meta property=\"article:publisher\" content=\"https:\/\/www.facebook.com\/gruppoceis\" \/>\n<meta property=\"article:modified_time\" content=\"2022-12-12T16:09:34+00:00\" \/>\n<meta property=\"og:image\" content=\"https:\/\/www.gruppoceis.it\/lanostrastoria\/wp-content\/uploads\/2022\/11\/Inaugurazione-Casa-Padre-Marella_1562.jpg\" \/>\n\t<meta property=\"og:image:width\" content=\"1200\" \/>\n\t<meta property=\"og:image:height\" content=\"800\" \/>\n\t<meta property=\"og:image:type\" content=\"image\/jpeg\" \/>\n<meta name=\"twitter:card\" content=\"summary_large_image\" \/>\n<meta name=\"twitter:label1\" content=\"Tempo di lettura stimato\" \/>\n\t<meta name=\"twitter:data1\" content=\"3 minuti\" \/>\n<script type=\"application\/ld+json\" class=\"yoast-schema-graph\">{\"@context\":\"https:\/\/schema.org\",\"@graph\":[{\"@type\":\"WebPage\",\"@id\":\"https:\/\/www.gruppoceis.it\/lanostrastoria\/credits\/\",\"url\":\"https:\/\/www.gruppoceis.it\/lanostrastoria\/credits\/\",\"name\":\"Dal \\\"dovere della testimonianza\\\" \u00e8 nato questo bellissimo progetto - CEIS 40\",\"isPartOf\":{\"@id\":\"https:\/\/www.gruppoceis.it\/lanostrastoria\/#website\"},\"primaryImageOfPage\":{\"@id\":\"https:\/\/www.gruppoceis.it\/lanostrastoria\/credits\/#primaryimage\"},\"image\":{\"@id\":\"https:\/\/www.gruppoceis.it\/lanostrastoria\/credits\/#primaryimage\"},\"thumbnailUrl\":\"https:\/\/www.gruppoceis.it\/lanostrastoria\/wp-content\/uploads\/2022\/11\/Inaugurazione-Casa-Padre-Marella_1562.jpg\",\"datePublished\":\"2022-09-20T17:54:19+00:00\",\"dateModified\":\"2022-12-12T16:09:34+00:00\",\"breadcrumb\":{\"@id\":\"https:\/\/www.gruppoceis.it\/lanostrastoria\/credits\/#breadcrumb\"},\"inLanguage\":\"it-IT\",\"potentialAction\":[{\"@type\":\"ReadAction\",\"target\":[\"https:\/\/www.gruppoceis.it\/lanostrastoria\/credits\/\"]}]},{\"@type\":\"ImageObject\",\"inLanguage\":\"it-IT\",\"@id\":\"https:\/\/www.gruppoceis.it\/lanostrastoria\/credits\/#primaryimage\",\"url\":\"https:\/\/www.gruppoceis.it\/lanostrastoria\/wp-content\/uploads\/2022\/11\/Inaugurazione-Casa-Padre-Marella_1562.jpg\",\"contentUrl\":\"https:\/\/www.gruppoceis.it\/lanostrastoria\/wp-content\/uploads\/2022\/11\/Inaugurazione-Casa-Padre-Marella_1562.jpg\",\"width\":1200,\"height\":800,\"caption\":\"Il taglio del nastro per l'inaugurazione di Casa Padre Marella a Bologna (dicembre 2019)\"},{\"@type\":\"BreadcrumbList\",\"@id\":\"https:\/\/www.gruppoceis.it\/lanostrastoria\/credits\/#breadcrumb\",\"itemListElement\":[{\"@type\":\"ListItem\",\"position\":1,\"name\":\"Home\",\"item\":\"https:\/\/www.gruppoceis.it\/lanostrastoria\/\"},{\"@type\":\"ListItem\",\"position\":2,\"name\":\"Dal &#8220;dovere della testimonianza&#8221; \u00e8 nato questo bellissimo progetto\"}]},{\"@type\":\"WebSite\",\"@id\":\"https:\/\/www.gruppoceis.it\/lanostrastoria\/#website\",\"url\":\"https:\/\/www.gruppoceis.it\/lanostrastoria\/\",\"name\":\"CEIS 40\",\"description\":\"La nostra storia\",\"publisher\":{\"@id\":\"https:\/\/www.gruppoceis.it\/lanostrastoria\/#organization\"},\"potentialAction\":[{\"@type\":\"SearchAction\",\"target\":{\"@type\":\"EntryPoint\",\"urlTemplate\":\"https:\/\/www.gruppoceis.it\/lanostrastoria\/?s={search_term_string}\"},\"query-input\":{\"@type\":\"PropertyValueSpecification\",\"valueRequired\":true,\"valueName\":\"search_term_string\"}}],\"inLanguage\":\"it-IT\"},{\"@type\":\"Organization\",\"@id\":\"https:\/\/www.gruppoceis.it\/lanostrastoria\/#organization\",\"name\":\"Fondazione CEIS\",\"url\":\"https:\/\/www.gruppoceis.it\/lanostrastoria\/\",\"logo\":{\"@type\":\"ImageObject\",\"inLanguage\":\"it-IT\",\"@id\":\"https:\/\/www.gruppoceis.it\/lanostrastoria\/#\/schema\/logo\/image\/\",\"url\":\"https:\/\/www.gruppoceis.it\/lanostrastoria\/wp-content\/uploads\/2022\/11\/ceis40-250px.png\",\"contentUrl\":\"https:\/\/www.gruppoceis.it\/lanostrastoria\/wp-content\/uploads\/2022\/11\/ceis40-250px.png\",\"width\":250,\"height\":149,\"caption\":\"Fondazione CEIS\"},\"image\":{\"@id\":\"https:\/\/www.gruppoceis.it\/lanostrastoria\/#\/schema\/logo\/image\/\"},\"sameAs\":[\"https:\/\/www.facebook.com\/gruppoceis\"]}]}<\/script>\n<!-- \/ Yoast SEO plugin. -->","yoast_head_json":{"title":"Dal \"dovere della testimonianza\" \u00e8 nato questo bellissimo progetto - CEIS 40","robots":{"index":"index","follow":"follow","max-snippet":"max-snippet:-1","max-image-preview":"max-image-preview:large","max-video-preview":"max-video-preview:-1"},"canonical":"https:\/\/www.gruppoceis.it\/lanostrastoria\/credits\/","og_locale":"it_IT","og_type":"article","og_title":"Dal \"dovere della testimonianza\" \u00e8 nato questo bellissimo progetto - CEIS 40","og_description":"di Roberto Berselli* accontare 40 anni di storia del CEIS non \u00e8 stata un\u2019impresa facile. Restare lontani dalla retorica autocelebrativa, ma al tempo stesso dare il giusto riconoscimento ad un impegno che indubbiamente ha pochi eguali in Emilia-Romagna ed in Italia. Ricordare da dove siamo partiti, ma al tempo stesso non indugiare nell\u2019amarcord per mostrare [&hellip;]","og_url":"https:\/\/www.gruppoceis.it\/lanostrastoria\/credits\/","og_site_name":"CEIS 40","article_publisher":"https:\/\/www.facebook.com\/gruppoceis","article_modified_time":"2022-12-12T16:09:34+00:00","og_image":[{"width":1200,"height":800,"url":"https:\/\/www.gruppoceis.it\/lanostrastoria\/wp-content\/uploads\/2022\/11\/Inaugurazione-Casa-Padre-Marella_1562.jpg","type":"image\/jpeg"}],"twitter_card":"summary_large_image","twitter_misc":{"Tempo di lettura stimato":"3 minuti"},"schema":{"@context":"https:\/\/schema.org","@graph":[{"@type":"WebPage","@id":"https:\/\/www.gruppoceis.it\/lanostrastoria\/credits\/","url":"https:\/\/www.gruppoceis.it\/lanostrastoria\/credits\/","name":"Dal \"dovere della testimonianza\" \u00e8 nato questo bellissimo progetto - CEIS 40","isPartOf":{"@id":"https:\/\/www.gruppoceis.it\/lanostrastoria\/#website"},"primaryImageOfPage":{"@id":"https:\/\/www.gruppoceis.it\/lanostrastoria\/credits\/#primaryimage"},"image":{"@id":"https:\/\/www.gruppoceis.it\/lanostrastoria\/credits\/#primaryimage"},"thumbnailUrl":"https:\/\/www.gruppoceis.it\/lanostrastoria\/wp-content\/uploads\/2022\/11\/Inaugurazione-Casa-Padre-Marella_1562.jpg","datePublished":"2022-09-20T17:54:19+00:00","dateModified":"2022-12-12T16:09:34+00:00","breadcrumb":{"@id":"https:\/\/www.gruppoceis.it\/lanostrastoria\/credits\/#breadcrumb"},"inLanguage":"it-IT","potentialAction":[{"@type":"ReadAction","target":["https:\/\/www.gruppoceis.it\/lanostrastoria\/credits\/"]}]},{"@type":"ImageObject","inLanguage":"it-IT","@id":"https:\/\/www.gruppoceis.it\/lanostrastoria\/credits\/#primaryimage","url":"https:\/\/www.gruppoceis.it\/lanostrastoria\/wp-content\/uploads\/2022\/11\/Inaugurazione-Casa-Padre-Marella_1562.jpg","contentUrl":"https:\/\/www.gruppoceis.it\/lanostrastoria\/wp-content\/uploads\/2022\/11\/Inaugurazione-Casa-Padre-Marella_1562.jpg","width":1200,"height":800,"caption":"Il taglio del nastro per l'inaugurazione di Casa Padre Marella a Bologna (dicembre 2019)"},{"@type":"BreadcrumbList","@id":"https:\/\/www.gruppoceis.it\/lanostrastoria\/credits\/#breadcrumb","itemListElement":[{"@type":"ListItem","position":1,"name":"Home","item":"https:\/\/www.gruppoceis.it\/lanostrastoria\/"},{"@type":"ListItem","position":2,"name":"Dal &#8220;dovere della testimonianza&#8221; \u00e8 nato questo bellissimo progetto"}]},{"@type":"WebSite","@id":"https:\/\/www.gruppoceis.it\/lanostrastoria\/#website","url":"https:\/\/www.gruppoceis.it\/lanostrastoria\/","name":"CEIS 40","description":"La nostra storia","publisher":{"@id":"https:\/\/www.gruppoceis.it\/lanostrastoria\/#organization"},"potentialAction":[{"@type":"SearchAction","target":{"@type":"EntryPoint","urlTemplate":"https:\/\/www.gruppoceis.it\/lanostrastoria\/?s={search_term_string}"},"query-input":{"@type":"PropertyValueSpecification","valueRequired":true,"valueName":"search_term_string"}}],"inLanguage":"it-IT"},{"@type":"Organization","@id":"https:\/\/www.gruppoceis.it\/lanostrastoria\/#organization","name":"Fondazione CEIS","url":"https:\/\/www.gruppoceis.it\/lanostrastoria\/","logo":{"@type":"ImageObject","inLanguage":"it-IT","@id":"https:\/\/www.gruppoceis.it\/lanostrastoria\/#\/schema\/logo\/image\/","url":"https:\/\/www.gruppoceis.it\/lanostrastoria\/wp-content\/uploads\/2022\/11\/ceis40-250px.png","contentUrl":"https:\/\/www.gruppoceis.it\/lanostrastoria\/wp-content\/uploads\/2022\/11\/ceis40-250px.png","width":250,"height":149,"caption":"Fondazione CEIS"},"image":{"@id":"https:\/\/www.gruppoceis.it\/lanostrastoria\/#\/schema\/logo\/image\/"},"sameAs":["https:\/\/www.facebook.com\/gruppoceis"]}]}},"_links":{"self":[{"href":"https:\/\/www.gruppoceis.it\/lanostrastoria\/wp-json\/wp\/v2\/pages\/1237","targetHints":{"allow":["GET"]}}],"collection":[{"href":"https:\/\/www.gruppoceis.it\/lanostrastoria\/wp-json\/wp\/v2\/pages"}],"about":[{"href":"https:\/\/www.gruppoceis.it\/lanostrastoria\/wp-json\/wp\/v2\/types\/page"}],"author":[{"embeddable":true,"href":"https:\/\/www.gruppoceis.it\/lanostrastoria\/wp-json\/wp\/v2\/users\/1"}],"replies":[{"embeddable":true,"href":"https:\/\/www.gruppoceis.it\/lanostrastoria\/wp-json\/wp\/v2\/comments?post=1237"}],"version-history":[{"count":17,"href":"https:\/\/www.gruppoceis.it\/lanostrastoria\/wp-json\/wp\/v2\/pages\/1237\/revisions"}],"predecessor-version":[{"id":3155,"href":"https:\/\/www.gruppoceis.it\/lanostrastoria\/wp-json\/wp\/v2\/pages\/1237\/revisions\/3155"}],"wp:featuredmedia":[{"embeddable":true,"href":"https:\/\/www.gruppoceis.it\/lanostrastoria\/wp-json\/wp\/v2\/media\/2879"}],"wp:attachment":[{"href":"https:\/\/www.gruppoceis.it\/lanostrastoria\/wp-json\/wp\/v2\/media?parent=1237"}],"curies":[{"name":"wp","href":"https:\/\/api.w.org\/{rel}","templated":true}]}}