{"id":4502,"date":"2024-03-08T07:16:21","date_gmt":"2024-03-08T06:16:21","guid":{"rendered":"http:\/\/gruppoceis.it\/intuizioni-di-bene\/?page_id=4502"},"modified":"2024-09-10T17:04:16","modified_gmt":"2024-09-10T15:04:16","slug":"ringraziamenti","status":"publish","type":"page","link":"https:\/\/www.gruppoceis.it\/intuizioni-di-bene\/ringraziamenti\/","title":{"rendered":"Ringraziamenti"},"content":{"rendered":"<p>\u00c8 impossibile separare l\u2019intuizione iniziale, l\u2019immaginazione, la progettazione, i desideri, le speranze, le incertezze, gli snodi critici, l\u2019impegno, la fatica e la bellezza sperimentate nella realizzazione del CEIS dai vissuti delle persone che ho incontrato: la mia esperienza personale, la mia maturazione umana e di fede, imprevedibile e sorprendente, \u00e8 stata possibile solo grazie alla loro presenza e al mio coinvolgimento.<\/p>\n<p>Le radici del CEIS affondano poi nel terreno fertile di legami umani, personali e professionali cresciuti nel corso degli anni creando un crogiuolo di identit\u00e0, un approccio unico alle sfide sociali, istituzionali e politiche.<\/p>\n<p>Una calorosa riconoscenza va alle famiglie, alle volontarie e ai volontari che hanno segnato l\u2019avvio di questa avventura e che continuano a camminare al nostro fianco.<\/p>\n<p>Il mio cuore \u00e8 riconoscente a ogni collaboratore, a ogni professionista che ha offerto il suo contributo in vari campi. La mia gratitudine pi\u00f9 sentita va a ogni singolo operatore per aver accettato e sostenuto la sfida di essere un\u2019opportunit\u00e0 per chi si trova in difficolt\u00e0.<\/p>\n<p>Cos\u00ec come sono grato a ogni ragazzo, giovane, adulto e anziano, italiano o proveniente da ogni angolo del mondo che ha incrociato il suo cammino con il mio e con quello del CEIS, diventando parte di questo percorso che continua a svilupparsi.<\/p>\n<p>Le loro storie mi interpellano ogni giorno e ci richiamano alla necessit\u00e0 di saper leggere lo spirito del tempo. Perch\u00e9 i disagi sono sempre il riflesso delle difficolt\u00e0 e delle incongruenze dello stile di vita contemporaneo.<\/p>\n<p>&nbsp;<\/p>\n<p style=\"text-align: center;\"><a href=\"https:\/\/www.gruppoceis.it\/intuizioni-di-bene\/wp-content\/uploads\/2024\/07\/RINGRAZIAMENTI.pdf\" target=\"_blank\" rel=\"noopener\"><img loading=\"lazy\" decoding=\"async\" class=\"alignnone wp-image-5422\" src=\"https:\/\/www.gruppoceis.it\/intuizioni-di-bene\/wp-content\/uploads\/2024\/03\/icona-pdf.png\" alt=\"\" width=\"100\" height=\"109\" \/><\/a><\/p>\n","protected":false},"excerpt":{"rendered":"<p>\u00c8 impossibile separare l\u2019intuizione iniziale, l\u2019immaginazione, la progettazione, i desideri, le speranze, le incertezze, gli snodi critici, l\u2019impegno, la fatica e la bellezza sperimentate nella realizzazione del CEIS dai vissuti delle persone che ho incontrato: la mia esperienza personale, la mia maturazione umana e di fede, imprevedibile e sorprendente, \u00e8 stata possibile solo grazie alla [&hellip;]<\/p>\n","protected":false},"author":1,"featured_media":0,"parent":0,"menu_order":0,"comment_status":"closed","ping_status":"closed","template":"","meta":{"footnotes":""},"class_list":["post-4502","page","type-page","status-publish","hentry"],"_links":{"self":[{"href":"https:\/\/www.gruppoceis.it\/intuizioni-di-bene\/wp-json\/wp\/v2\/pages\/4502","targetHints":{"allow":["GET"]}}],"collection":[{"href":"https:\/\/www.gruppoceis.it\/intuizioni-di-bene\/wp-json\/wp\/v2\/pages"}],"about":[{"href":"https:\/\/www.gruppoceis.it\/intuizioni-di-bene\/wp-json\/wp\/v2\/types\/page"}],"author":[{"embeddable":true,"href":"https:\/\/www.gruppoceis.it\/intuizioni-di-bene\/wp-json\/wp\/v2\/users\/1"}],"replies":[{"embeddable":true,"href":"https:\/\/www.gruppoceis.it\/intuizioni-di-bene\/wp-json\/wp\/v2\/comments?post=4502"}],"version-history":[{"count":5,"href":"https:\/\/www.gruppoceis.it\/intuizioni-di-bene\/wp-json\/wp\/v2\/pages\/4502\/revisions"}],"predecessor-version":[{"id":6116,"href":"https:\/\/www.gruppoceis.it\/intuizioni-di-bene\/wp-json\/wp\/v2\/pages\/4502\/revisions\/6116"}],"wp:attachment":[{"href":"https:\/\/www.gruppoceis.it\/intuizioni-di-bene\/wp-json\/wp\/v2\/media?parent=4502"}],"curies":[{"name":"wp","href":"https:\/\/api.w.org\/{rel}","templated":true}]}}